{"id":1086,"date":"2021-12-04T18:38:51","date_gmt":"2021-12-04T17:38:51","guid":{"rendered":"https:\/\/www.secretsdefee.com\/?page_id=1086"},"modified":"2026-03-18T09:21:22","modified_gmt":"2026-03-18T08:21:22","slug":"securite-et-protection-des-donnees-personnelles","status":"publish","type":"page","link":"https:\/\/www.secretsdefee.com\/index.php\/securite-et-protection-des-donnees-personnelles\/","title":{"rendered":"S\u00e9curit\u00e9 et protection des donn\u00e9es personnelles"},"content":{"rendered":"\n<h2 class=\"wp-block-heading\">D\u00e9finitions :<\/h2>\n\n\n\n<p><strong>L\u2019\u00c9diteur<\/strong>&nbsp;: La personne, physique ou morale, qui \u00e9dite les services de communication au public en ligne.<br><strong>Le Site<\/strong>&nbsp;: L\u2019ensemble des sites, pages Internet et services en ligne propos\u00e9s par l\u2019\u00c9diteur.<br><strong>L\u2019Utilisateu<\/strong>r : La personne utilisant le Site et les services.<\/p>\n\n\n\n<h2 class=\"wp-block-heading\">Nature des donn\u00e9es collect\u00e9es<\/h2>\n\n\n\n<p>Dans le cadre de l\u2019utilisation des Sites, l\u2019\u00c9diteur est susceptible de collecter les cat\u00e9gories de donn\u00e9es<br>suivantes concernant ses Utilisateurs :<br>Donn\u00e9es d\u2019\u00e9tat-civil, d\u2019identit\u00e9, d\u2019identification\u2026<\/p>\n\n\n\n<h2 class=\"wp-block-heading\">Communication des donn\u00e9es personnelles \u00e0 des tiers<\/h2>\n\n\n\n<p>Pas de communication \u00e0 des tiers<br>Vos donn\u00e9es ne font l\u2019objet d\u2019aucune communication \u00e0 des tiers. Vous \u00eates toutefois inform\u00e9s qu\u2019elles<br>pourront \u00eatre divulgu\u00e9es en application d\u2019une loi, d\u2019un r\u00e8glement ou en vertu d\u2019une d\u00e9cision d\u2019une autorit\u00e9<br>r\u00e9glementaire ou judiciaire comp\u00e9tente.<\/p>\n\n\n\n<h2 class=\"wp-block-heading\">Information pr\u00e9alable pour la communication des donn\u00e9es personnelles \u00e0 des tiers En cas de fusion \/ absorption<\/h2>\n\n\n\n<p>Collecte de l\u2019opt-in (consentement) pr\u00e9alable \u00e0 la transmission des donn\u00e9es suite \u00e0 une fusion \/<br>acquisition<\/p>\n\n\n\n<p>Dans le cas o\u00f9 nous prendrions part \u00e0 une op\u00e9ration de fusion, d\u2019acquisition ou \u00e0 toute autre forme de cession<br>d\u2019actifs, nous nous engageons \u00e0 obtenir votre consentement pr\u00e9alable \u00e0 la transmission de vos donn\u00e9es<br>personnelles et \u00e0 maintenir le niveau de confidentialit\u00e9 de vos donn\u00e9es personnelles auquel vous avez<br>consenti.<\/p>\n\n\n\n<h3 class=\"wp-block-heading\">Finalit\u00e9 de la r\u00e9utilisation des donn\u00e9es personnelles collect\u00e9es<\/h3>\n\n\n\n<p>La gestion des avis des personnes sur des produits, services ou contenus<\/p>\n\n\n\n<h2 class=\"wp-block-heading\">Agr\u00e9gation des donn\u00e9es<\/h2>\n\n\n\n<h3 class=\"wp-block-heading\">Agr\u00e9gation avec des donn\u00e9es non personnelles.<\/h3>\n\n\n\n<p>Nous pouvons publier, divulguer et utiliser les informations agr\u00e9g\u00e9es (informations relatives \u00e0 tous nos<br>Utilisateurs ou \u00e0 des groupes ou cat\u00e9gories sp\u00e9cifiques d\u2019Utilisateurs que nous combinons de mani\u00e8re \u00e0 ce<br>qu\u2019un Utilisateur individuel ne puisse plus \u00eatre identifi\u00e9 ou mentionn\u00e9) et les informations non personnelles \u00e0<br>des fins d\u2019analyse du secteur et du march\u00e9, de profilage d\u00e9mographique, \u00e0 des fins promotionnelles et<br>publicitaires et \u00e0 d\u2019autres fins commerciales.<\/p>\n\n\n\n<h3 class=\"wp-block-heading\">Agr\u00e9gation avec des donn\u00e9es personnelles disponibles sur les comptes sociaux de l\u2019Utilisateur<\/h3>\n\n\n\n<p>Si vous connectez votre compte \u00e0 un compte d\u2019un autre service afin de faire des envois crois\u00e9s, ledit service<br>pourra nous communiquer vos informations de profil, de connexion, ainsi que toute autre information dont<br>vous avez autoris\u00e9 la divulgation. Nous pouvons agr\u00e9ger les informations relatives \u00e0 tous nos autres<br>Utilisateurs, groupes, comptes, aux donn\u00e9es personnelles disponibles sur l\u2019Utilisateur.<\/p>\n\n\n\n<h2 class=\"wp-block-heading\">Collecte des donn\u00e9es d\u2019identit\u00e9<\/h2>\n\n\n\n<h3 class=\"wp-block-heading\">Consultation libre<\/h3>\n\n\n\n<p>La consultation du Site ne n\u00e9cessite pas d\u2019inscription ni d\u2019identification pr\u00e9alable. Elle peut s\u2019effectuer sans que<br>vous ne communiquiez de donn\u00e9es nominatives vous concernant (nom, pr\u00e9nom, adresse, etc). Nous ne<br>proc\u00e9dons \u00e0 aucun enregistrement de donn\u00e9es nominatives pour la simple consultation du Site.<\/p>\n\n\n\n<h2 class=\"wp-block-heading\">Collecte des donn\u00e9es d\u2019identification<\/h2>\n\n\n\n<p><strong>Utilisation de l\u2019identifiant de l\u2019utilisateur uniquement pour l\u2019acc\u00e8s aux services<\/strong><\/p>\n\n\n\n<p>Nous utilisons vos identifiants \u00e9lectroniques seulement pour et pendant l\u2019ex\u00e9cution du contrat.<\/p>\n\n\n\n<h2 class=\"wp-block-heading\">Collecte des donn\u00e9es du terminal<\/h2>\n\n\n\n<p><strong>Aucune collecte des donn\u00e9es techniques.&nbsp;<\/strong>Nous ne collectons et ne conservons aucune donn\u00e9e technique de votre appareil (adresse IP, fournisseur<br>d\u2019acc\u00e8s \u00e0 Internet\u2026).<\/p>\n\n\n\n<h2 class=\"wp-block-heading\">Cookies<\/h2>\n\n\n\n<p><strong>Dur\u00e9e de conservation des cookies<\/strong><br>Conform\u00e9ment aux recommandations de la CNIL, la dur\u00e9e maximale de conservation des cookies est de 13<br>mois au maximum apr\u00e8s leur premier d\u00e9p\u00f4t dans le terminal de l\u2019Utilisateur, tout comme la dur\u00e9e de la validit\u00e9<br>du consentement de l\u2019Utilisateur \u00e0 l\u2019utilisation de ces cookies. La dur\u00e9e de vie des cookies n\u2019est pas prolong\u00e9e<br>\u00e0 chaque visite. Le consentement de l\u2019Utilisateur devra donc \u00eatre renouvel\u00e9 \u00e0 l\u2019issue de ce d\u00e9lai.<\/p>\n\n\n\n<p><strong>Finalit\u00e9 cookies<\/strong><\/p>\n\n\n\n<p>Les cookies peuvent \u00eatre utilis\u00e9s pour des fins statistiques notamment pour optimiser les services rendus \u00e0<br>l\u2019Utilisateur, \u00e0 partir du traitement des informations concernant la fr\u00e9quence d\u2019acc\u00e8s, la personnalisation des<br>pages ainsi que les op\u00e9rations r\u00e9alis\u00e9es et les informations consult\u00e9es.<br>Vous \u00eates inform\u00e9 que l\u2019\u00c9diteur est susceptible de d\u00e9poser des cookies sur votre terminal. Le cookie enregistre<br>des informations relatives \u00e0 la navigation sur le service (les pages que vous avez consult\u00e9es, la date et l\u2019heure<br>de la consultation\u2026) que nous pourrons lire lors de vos visites ult\u00e9rieures.<\/p>\n\n\n\n<p><strong>Droit de l\u2019Utilisateur de refuser les cookies<\/strong><\/p>\n\n\n\n<p>Vous reconnaissez avoir \u00e9t\u00e9 inform\u00e9 que l\u2019\u00c9diteur peut avoir recours \u00e0 des cookies. Si vous ne souhaitez pas<br>que des cookies soient utilis\u00e9s sur votre terminal, la plupart des navigateurs vous permettent de d\u00e9sactiver les<br>cookies en passant par les options de r\u00e9glage.<\/p>\n\n\n\n<h2 class=\"wp-block-heading\">Conservation des donn\u00e9es techniques<\/h2>\n\n\n\n<p><strong>Dur\u00e9e de conservation des donn\u00e9es techniques<\/strong><br>Les donn\u00e9es techniques sont conserv\u00e9es pour la dur\u00e9e strictement n\u00e9cessaire \u00e0 la r\u00e9alisation des finalit\u00e9s<br>vis\u00e9es ci-avant.<\/p>\n\n\n\n<h2 class=\"wp-block-heading\">D\u00e9lai de conservation des donn\u00e9es personnelles et d\u2019anonymisation<\/h2>\n\n\n\n<p><strong>Pas de conservation des donn\u00e9es<\/strong><br>Nous ne conservons aucune donn\u00e9e personnelle au del\u00e0 de votre dur\u00e9e de connexion au service pour les<br>finalit\u00e9s d\u00e9crites dans les pr\u00e9sentes CGU.<\/p>\n\n\n\n<p><strong>Suppression des donn\u00e9es apr\u00e8s suppression du compte<\/strong><\/p>\n\n\n\n<p>Des moyens de purge de donn\u00e9es sont mis en place afin d\u2019en pr\u00e9voir la suppression effective d\u00e8s lors que la<br>dur\u00e9e de conservation ou d\u2019archivage n\u00e9cessaire \u00e0 l\u2019accomplissement des finalit\u00e9s d\u00e9termin\u00e9es ou impos\u00e9es<br>est atteinte. Conform\u00e9ment \u00e0 la loi n\u00b078-17 du 6 janvier 1978 relative \u00e0 l\u2019informatique, aux fichiers et aux<br>libert\u00e9s, vous disposez par ailleurs d\u2019un droit de suppression sur vos donn\u00e9es que vous pouvez exercer \u00e0 tout<br>moment en prenant contact avec l\u2019\u00c9diteur.<\/p>\n\n\n\n<p><strong>Suppression des donn\u00e9es apr\u00e8s 3 ans d\u2019inactivit\u00e9<\/strong><\/p>\n\n\n\n<p>Pour des raisons de s\u00e9curit\u00e9, si vous ne vous \u00eates pas authentifi\u00e9 sur le Site pendant une p\u00e9riode de trois ans,<br>vous recevrez un e-mail vous invitant \u00e0 vous connecter dans les plus brefs d\u00e9lais, sans quoi vos donn\u00e9es seront<br>supprim\u00e9es de nos bases de donn\u00e9es.<\/p>\n\n\n\n<h2 class=\"wp-block-heading\">Suppression du compte<\/h2>\n\n\n\n<p><strong>Suppression du compte \u00e0 la demande<\/strong><br>L\u2019Utilisateur a la possibilit\u00e9 de supprimer son Compte \u00e0 tout moment, par simple demande \u00e0 l\u2019\u00c9diteur OU par<br>le menu de suppression de Compte pr\u00e9sent dans les param\u00e8tres du Compte le cas \u00e9ch\u00e9ant.<\/p>\n\n\n\n<p><strong>Suppression du compte en cas de violation des CGU<\/strong><br>En cas de violation d\u2019une ou de plusieurs dispositions des CGU ou de tout autre document incorpor\u00e9 aux<br>pr\u00e9sentes par r\u00e9f\u00e9rence, l\u2019\u00c9diteur se r\u00e9serve le droit de mettre fin ou restreindre sans aucun avertissement<br>pr\u00e9alable et \u00e0 sa seule discr\u00e9tion, votre usage et acc\u00e8s aux services, \u00e0 votre compte et \u00e0 tous les Sites.<\/p>\n\n\n\n<h2 class=\"wp-block-heading\">Indications en cas de faille de s\u00e9curit\u00e9 d\u00e9cel\u00e9e par l\u2019\u00c9diteur<\/h2>\n\n\n\n<h3 class=\"wp-block-heading\">Information de l\u2019Utilisateur en cas de faille de s\u00e9curit\u00e9<\/h3>\n\n\n\n<p>Nous nous engageons \u00e0 mettre en oeuvre toutes les mesures techniques et organisationnelles appropri\u00e9es afin<br>de garantir un niveau de s\u00e9curit\u00e9 adapt\u00e9 au regard des risques d\u2019acc\u00e8s accidentels, non autoris\u00e9s ou ill\u00e9gaux,<br>de divulgation, d\u2019alt\u00e9ration, de perte ou encore de destruction des donn\u00e9es personnelles vous concernant.<br>Dans l\u2019\u00e9ventualit\u00e9 o\u00f9 nous prendrions connaissance d\u2019un acc\u00e8s ill\u00e9gal aux donn\u00e9es personnelles vous<br>concernant stock\u00e9es sur nos serveurs ou ceux de nos prestataires, ou d\u2019un acc\u00e8s non autoris\u00e9 ayant pour<br>cons\u00e9quence la r\u00e9alisation des risques identifi\u00e9s ci-dessus, nous nous engageons \u00e0 :<br>\u2022 Vous notifier l\u2019incident dans les plus brefs d\u00e9lais ;<br>\u2022 Examiner les causes de l\u2019incident et vous en informer ;<br>Prendre les mesures n\u00e9cessaires dans la limite du raisonnable afin d\u2019amoindrir les effets n\u00e9gatifs et<br>pr\u00e9judices pouvant r\u00e9sulter dudit incident<\/p>\n\n\n\n<h2 class=\"wp-block-heading\">Limitation de la responsabilit\u00e9<\/h2>\n\n\n\n<p>En aucun cas les engagements d\u00e9finis au point ci-dessus relatifs \u00e0 la notification en cas de faille de s\u00e9curit\u00e9 ne<br>peuvent \u00eatre assimil\u00e9s \u00e0 une quelconque reconnaissance de faute ou de responsabilit\u00e9 quant \u00e0 la survenance<br>de l\u2019incident en question.<\/p>\n\n\n\n<h2 class=\"wp-block-heading\">Transfert des donn\u00e9es personnelles \u00e0 l\u2019\u00e9tranger<\/h2>\n\n\n\n<p><strong>Pas de transfert en dehors de l\u2019Union europ\u00e9enne<\/strong><br>L\u2019\u00c9diteur s\u2019engage \u00e0 ne pas transf\u00e9rer les donn\u00e9es personnelles de ses Utilisateurs en dehors de l\u2019Union<br>europ\u00e9enne.<\/p>\n\n\n\n<h2 class=\"wp-block-heading\">Modification des CGU et de la politique de confidentialit\u00e9<\/h2>\n\n\n\n<p><strong>En cas de modification des pr\u00e9sentes CGU, engagement de ne pas baisser le niveau de confidentialit\u00e9 de<\/strong><br><strong>mani\u00e8re substantielle sans l\u2019information pr\u00e9alable des personnes concern\u00e9es<\/strong><br>Nous nous engageons \u00e0 vous informer en cas de modification substantielle des pr\u00e9sentes CGU, et \u00e0 ne pas<br>baisser le niveau de confidentialit\u00e9 de vos donn\u00e9es de mani\u00e8re substantielle sans vous en informer et obtenir<br>votre consentement.<\/p>\n\n\n\n<h2 class=\"wp-block-heading\">Droit applicable et modalit\u00e9s de recours<\/h2>\n\n\n\n<p><strong>Application du droit fran\u00e7ais (l\u00e9gislation CNIL) et comp\u00e9tence des tribunaux<\/strong><br>Les pr\u00e9sentes CGU et votre utilisation du Site sont r\u00e9gies et interpr\u00e9t\u00e9es conform\u00e9ment aux lois de France, et<br>notamment \u00e0 la Loi n\u00b0 78-17 du 6 janvier 1978 relative \u00e0 l\u2019informatique, aux fichiers et aux libert\u00e9s. Le choix de<br>la loi applicable ne porte pas atteinte \u00e0 vos droits en tant que consommateur conform\u00e9ment \u00e0 la loi applicable<br>de votre lieu de r\u00e9sidence. Si vous \u00eates un consommateur, vous et nous acceptons de se soumettre \u00e0 la<br>comp\u00e9tence non-exclusive des juridictions fran\u00e7aises, ce qui signifie que vous pouvez engager une action<br>relative aux pr\u00e9sentes CGU en France ou dans le pays de l\u2019UE dans lequel vous vivez. Si vous \u00eates un<br>professionnel, toutes les actions \u00e0 notre encontre doivent \u00eatre engag\u00e9es devant une juridiction en France.<br>En cas de litige, les parties chercheront une solution amiable avant toute action judiciaire. En cas d\u2019\u00e9chec de<br>ces tentatives, toutes contestations \u00e0 la validit\u00e9, l\u2019interpr\u00e9tation et \/ ou l\u2019ex\u00e9cution des pr\u00e9sentes CGU devront<br>\u00eatre port\u00e9es m\u00eame en cas de pluralit\u00e9 des d\u00e9fendeurs ou d\u2019appel en garantie, devant les tribunaux fran\u00e7ais.<\/p>\n\n\n\n<h2 class=\"wp-block-heading\">Informations de contact<\/h2>\n\n\n\n<p>Formulaire de contact<\/p>\n\n\n\n<p>Mail :&nbsp;<strong>ouranos.web@gmail.com<\/strong><\/p>\n\n\n\n<p><\/p>\n\n\n\n<h3 class=\"wp-block-heading\">Op\u00e9rations de marketing automatis\u00e9 et\/ou de profilage r\u00e9alis\u00e9es \u00e0 l\u2019aide des donn\u00e9es personnelles<\/h3>\n\n\n\n<p>Pas d\u2019op\u00e9ration marketing li\u00e9es aux donn\u00e9es<\/p>\n","protected":false},"excerpt":{"rendered":"<p>D\u00e9finitions : L\u2019\u00c9diteur&nbsp;: La personne, physique ou morale, qui \u00e9dite les services de communication au public en ligne.Le Site&nbsp;: L\u2019ensemble des sites, pages Internet et services en ligne propos\u00e9s par l\u2019\u00c9diteur.L\u2019Utilisateur : La personne utilisant le Site et les services. Nature des donn\u00e9es collect\u00e9es Dans le cadre de l\u2019utilisation des Sites, l\u2019\u00c9diteur est susceptible de &hellip;<\/p>\n<p class=\"read-more\"> <a class=\"\" href=\"https:\/\/www.secretsdefee.com\/index.php\/securite-et-protection-des-donnees-personnelles\/\"> <span class=\"screen-reader-text\">S\u00e9curit\u00e9 et protection des donn\u00e9es personnelles<\/span> Lire la suite\u00a0\u00bb<\/a><\/p>\n","protected":false},"author":1,"featured_media":0,"parent":0,"menu_order":0,"comment_status":"closed","ping_status":"closed","template":"","meta":{"site-sidebar-layout":"","site-content-layout":"","ast-main-header-display":"","ast-hfb-above-header-display":"","ast-hfb-below-header-display":"","ast-hfb-mobile-header-display":"","site-post-title":"","ast-breadcrumbs-content":"","ast-featured-img":"","footer-sml-layout":"","theme-transparent-header-meta":"","adv-header-id-meta":"","stick-header-meta":"","header-above-stick-meta":"","header-main-stick-meta":"","header-below-stick-meta":"","footnotes":""},"class_list":["post-1086","page","type-page","status-publish","hentry"],"yoast_head":"<!-- This site is optimized with the Yoast SEO plugin v21.9.1 - https:\/\/yoast.com\/wordpress\/plugins\/seo\/ -->\n<title>S\u00e9curit\u00e9 et protection des donn\u00e9es personnelles - Secrets de f\u00e9e<\/title>\n<meta name=\"robots\" content=\"index, nofollow, max-snippet:-1, max-image-preview:large, max-video-preview:-1\" \/>\n<link rel=\"canonical\" href=\"https:\/\/www.secretsdefee.com\/index.php\/securite-et-protection-des-donnees-personnelles\/\" \/>\n<meta property=\"og:locale\" content=\"fr_FR\" \/>\n<meta property=\"og:type\" content=\"article\" \/>\n<meta property=\"og:title\" content=\"S\u00e9curit\u00e9 et protection des donn\u00e9es personnelles - Secrets de f\u00e9e\" \/>\n<meta property=\"og:description\" content=\"D\u00e9finitions : L\u2019\u00c9diteur&nbsp;: La personne, physique ou morale, qui \u00e9dite les services de communication au public en ligne.Le Site&nbsp;: L\u2019ensemble des sites, pages Internet et services en ligne propos\u00e9s par l\u2019\u00c9diteur.L\u2019Utilisateur : La personne utilisant le Site et les services. Nature des donn\u00e9es collect\u00e9es Dans le cadre de l\u2019utilisation des Sites, l\u2019\u00c9diteur est susceptible de &hellip; S\u00e9curit\u00e9 et protection des donn\u00e9es personnelles Lire la suite\u00a0\u00bb\" \/>\n<meta property=\"og:url\" content=\"https:\/\/www.secretsdefee.com\/index.php\/securite-et-protection-des-donnees-personnelles\/\" \/>\n<meta property=\"og:site_name\" content=\"Secrets de f\u00e9e\" \/>\n<meta property=\"article:publisher\" content=\"https:\/\/www.facebook.com\/Secrets-de-F%c3%a9e-657888267687242\/?fref=ts\" \/>\n<meta property=\"article:modified_time\" content=\"2026-03-18T08:21:22+00:00\" \/>\n<meta property=\"og:image\" content=\"https:\/\/www.secretsdefee.com\/wp-content\/uploads\/2021\/11\/SECRETS-2-Color.jpg\" \/>\n\t<meta property=\"og:image:width\" content=\"1535\" \/>\n\t<meta property=\"og:image:height\" content=\"1535\" \/>\n\t<meta property=\"og:image:type\" content=\"image\/jpeg\" \/>\n<meta name=\"twitter:card\" content=\"summary_large_image\" \/>\n<meta name=\"twitter:label1\" content=\"Dur\u00e9e de lecture estim\u00e9e\" \/>\n\t<meta name=\"twitter:data1\" content=\"8 minutes\" \/>\n<script type=\"application\/ld+json\" class=\"yoast-schema-graph\">{\"@context\":\"https:\/\/schema.org\",\"@graph\":[{\"@type\":\"WebPage\",\"@id\":\"https:\/\/www.secretsdefee.com\/index.php\/securite-et-protection-des-donnees-personnelles\/\",\"url\":\"https:\/\/www.secretsdefee.com\/index.php\/securite-et-protection-des-donnees-personnelles\/\",\"name\":\"S\u00e9curit\u00e9 et protection des donn\u00e9es personnelles - Secrets de f\u00e9e\",\"isPartOf\":{\"@id\":\"https:\/\/www.secretsdefee.com\/#website\"},\"datePublished\":\"2021-12-04T17:38:51+00:00\",\"dateModified\":\"2026-03-18T08:21:22+00:00\",\"breadcrumb\":{\"@id\":\"https:\/\/www.secretsdefee.com\/index.php\/securite-et-protection-des-donnees-personnelles\/#breadcrumb\"},\"inLanguage\":\"fr-FR\",\"potentialAction\":[{\"@type\":\"ReadAction\",\"target\":[\"https:\/\/www.secretsdefee.com\/index.php\/securite-et-protection-des-donnees-personnelles\/\"]}]},{\"@type\":\"BreadcrumbList\",\"@id\":\"https:\/\/www.secretsdefee.com\/index.php\/securite-et-protection-des-donnees-personnelles\/#breadcrumb\",\"itemListElement\":[{\"@type\":\"ListItem\",\"position\":1,\"name\":\"Accueil\",\"item\":\"https:\/\/www.secretsdefee.com\/\"},{\"@type\":\"ListItem\",\"position\":2,\"name\":\"S\u00e9curit\u00e9 et protection des donn\u00e9es personnelles\"}]},{\"@type\":\"WebSite\",\"@id\":\"https:\/\/www.secretsdefee.com\/#website\",\"url\":\"https:\/\/www.secretsdefee.com\/\",\"name\":\"Secrets de f\u00e9e\",\"description\":\"Institut de beaut\u00e9\",\"publisher\":{\"@id\":\"https:\/\/www.secretsdefee.com\/#organization\"},\"potentialAction\":[{\"@type\":\"SearchAction\",\"target\":{\"@type\":\"EntryPoint\",\"urlTemplate\":\"https:\/\/www.secretsdefee.com\/?s={search_term_string}\"},\"query-input\":\"required name=search_term_string\"}],\"inLanguage\":\"fr-FR\"},{\"@type\":\"Organization\",\"@id\":\"https:\/\/www.secretsdefee.com\/#organization\",\"name\":\"Secrets de f\u00e9e\",\"url\":\"https:\/\/www.secretsdefee.com\/\",\"logo\":{\"@type\":\"ImageObject\",\"inLanguage\":\"fr-FR\",\"@id\":\"https:\/\/www.secretsdefee.com\/#\/schema\/logo\/image\/\",\"url\":\"https:\/\/www.secretsdefee.com\/wp-content\/uploads\/2021\/11\/SECRETS-2-Color.jpg\",\"contentUrl\":\"https:\/\/www.secretsdefee.com\/wp-content\/uploads\/2021\/11\/SECRETS-2-Color.jpg\",\"width\":1535,\"height\":1535,\"caption\":\"Secrets de f\u00e9e\"},\"image\":{\"@id\":\"https:\/\/www.secretsdefee.com\/#\/schema\/logo\/image\/\"},\"sameAs\":[\"https:\/\/www.facebook.com\/Secrets-de-F\u00e9e-657888267687242\/?fref=ts\"]}]}<\/script>\n<!-- \/ Yoast SEO plugin. -->","yoast_head_json":{"title":"S\u00e9curit\u00e9 et protection des donn\u00e9es personnelles - Secrets de f\u00e9e","robots":{"index":"index","follow":"nofollow","max-snippet":"max-snippet:-1","max-image-preview":"max-image-preview:large","max-video-preview":"max-video-preview:-1"},"canonical":"https:\/\/www.secretsdefee.com\/index.php\/securite-et-protection-des-donnees-personnelles\/","og_locale":"fr_FR","og_type":"article","og_title":"S\u00e9curit\u00e9 et protection des donn\u00e9es personnelles - Secrets de f\u00e9e","og_description":"D\u00e9finitions : L\u2019\u00c9diteur&nbsp;: La personne, physique ou morale, qui \u00e9dite les services de communication au public en ligne.Le Site&nbsp;: L\u2019ensemble des sites, pages Internet et services en ligne propos\u00e9s par l\u2019\u00c9diteur.L\u2019Utilisateur : La personne utilisant le Site et les services. Nature des donn\u00e9es collect\u00e9es Dans le cadre de l\u2019utilisation des Sites, l\u2019\u00c9diteur est susceptible de &hellip; S\u00e9curit\u00e9 et protection des donn\u00e9es personnelles Lire la suite\u00a0\u00bb","og_url":"https:\/\/www.secretsdefee.com\/index.php\/securite-et-protection-des-donnees-personnelles\/","og_site_name":"Secrets de f\u00e9e","article_publisher":"https:\/\/www.facebook.com\/Secrets-de-F%c3%a9e-657888267687242\/?fref=ts","article_modified_time":"2026-03-18T08:21:22+00:00","og_image":[{"width":1535,"height":1535,"url":"https:\/\/www.secretsdefee.com\/wp-content\/uploads\/2021\/11\/SECRETS-2-Color.jpg","type":"image\/jpeg"}],"twitter_card":"summary_large_image","twitter_misc":{"Dur\u00e9e de lecture estim\u00e9e":"8 minutes"},"schema":{"@context":"https:\/\/schema.org","@graph":[{"@type":"WebPage","@id":"https:\/\/www.secretsdefee.com\/index.php\/securite-et-protection-des-donnees-personnelles\/","url":"https:\/\/www.secretsdefee.com\/index.php\/securite-et-protection-des-donnees-personnelles\/","name":"S\u00e9curit\u00e9 et protection des donn\u00e9es personnelles - Secrets de f\u00e9e","isPartOf":{"@id":"https:\/\/www.secretsdefee.com\/#website"},"datePublished":"2021-12-04T17:38:51+00:00","dateModified":"2026-03-18T08:21:22+00:00","breadcrumb":{"@id":"https:\/\/www.secretsdefee.com\/index.php\/securite-et-protection-des-donnees-personnelles\/#breadcrumb"},"inLanguage":"fr-FR","potentialAction":[{"@type":"ReadAction","target":["https:\/\/www.secretsdefee.com\/index.php\/securite-et-protection-des-donnees-personnelles\/"]}]},{"@type":"BreadcrumbList","@id":"https:\/\/www.secretsdefee.com\/index.php\/securite-et-protection-des-donnees-personnelles\/#breadcrumb","itemListElement":[{"@type":"ListItem","position":1,"name":"Accueil","item":"https:\/\/www.secretsdefee.com\/"},{"@type":"ListItem","position":2,"name":"S\u00e9curit\u00e9 et protection des donn\u00e9es personnelles"}]},{"@type":"WebSite","@id":"https:\/\/www.secretsdefee.com\/#website","url":"https:\/\/www.secretsdefee.com\/","name":"Secrets de f\u00e9e","description":"Institut de beaut\u00e9","publisher":{"@id":"https:\/\/www.secretsdefee.com\/#organization"},"potentialAction":[{"@type":"SearchAction","target":{"@type":"EntryPoint","urlTemplate":"https:\/\/www.secretsdefee.com\/?s={search_term_string}"},"query-input":"required name=search_term_string"}],"inLanguage":"fr-FR"},{"@type":"Organization","@id":"https:\/\/www.secretsdefee.com\/#organization","name":"Secrets de f\u00e9e","url":"https:\/\/www.secretsdefee.com\/","logo":{"@type":"ImageObject","inLanguage":"fr-FR","@id":"https:\/\/www.secretsdefee.com\/#\/schema\/logo\/image\/","url":"https:\/\/www.secretsdefee.com\/wp-content\/uploads\/2021\/11\/SECRETS-2-Color.jpg","contentUrl":"https:\/\/www.secretsdefee.com\/wp-content\/uploads\/2021\/11\/SECRETS-2-Color.jpg","width":1535,"height":1535,"caption":"Secrets de f\u00e9e"},"image":{"@id":"https:\/\/www.secretsdefee.com\/#\/schema\/logo\/image\/"},"sameAs":["https:\/\/www.facebook.com\/Secrets-de-F\u00e9e-657888267687242\/?fref=ts"]}]}},"_links":{"self":[{"href":"https:\/\/www.secretsdefee.com\/index.php\/wp-json\/wp\/v2\/pages\/1086","targetHints":{"allow":["GET"]}}],"collection":[{"href":"https:\/\/www.secretsdefee.com\/index.php\/wp-json\/wp\/v2\/pages"}],"about":[{"href":"https:\/\/www.secretsdefee.com\/index.php\/wp-json\/wp\/v2\/types\/page"}],"author":[{"embeddable":true,"href":"https:\/\/www.secretsdefee.com\/index.php\/wp-json\/wp\/v2\/users\/1"}],"replies":[{"embeddable":true,"href":"https:\/\/www.secretsdefee.com\/index.php\/wp-json\/wp\/v2\/comments?post=1086"}],"version-history":[{"count":2,"href":"https:\/\/www.secretsdefee.com\/index.php\/wp-json\/wp\/v2\/pages\/1086\/revisions"}],"predecessor-version":[{"id":1576,"href":"https:\/\/www.secretsdefee.com\/index.php\/wp-json\/wp\/v2\/pages\/1086\/revisions\/1576"}],"wp:attachment":[{"href":"https:\/\/www.secretsdefee.com\/index.php\/wp-json\/wp\/v2\/media?parent=1086"}],"curies":[{"name":"wp","href":"https:\/\/api.w.org\/{rel}","templated":true}]}}