{"id":1031,"date":"2021-11-28T19:41:34","date_gmt":"2021-11-28T18:41:34","guid":{"rendered":"https:\/\/www.secretsdefee.com\/?post_type=product&#038;p=1031"},"modified":"2023-06-09T13:30:57","modified_gmt":"2023-06-09T11:30:57","slug":"coffret-clochette","status":"publish","type":"product","link":"https:\/\/www.secretsdefee.com\/index.php\/produit\/coffret-clochette\/","title":{"rendered":"Coffret Clochette"},"content":{"rendered":"<p>Au choix parmi :<\/p>\n<p>* Massage 1h<\/p>\n<p>* Soin Visage Renaissance<\/p>\n<p>* Gommage + Enveloppement<\/p>\n<p>* Gommage + Massage 30 minutes<\/p>\n<p>* Gommage ou Enveloppement + Espace SPA privatif 1h<\/p>\n<p>* Soin des mains \u00e0 la paraffine + Striplac<\/p>\n<p>* Massage 45 minutes + Rituel de bienvenue Balinais<\/p>\n<p>* Soin Visage F\u00e9\u00e9rique + Soin flash des Mains<\/p>\n<p>* Soin des mains + Vernis semi-permanent<\/p>\n<p>* Gommage \/ Enveloppement + Massage 30 minutes65<\/p>\n","protected":false},"excerpt":{"rendered":"<p>Au choix parmi : * Massage 1h * Soin Visage Renaissance * Gommage + Enveloppement * Gommage + Massage 30 minutes * Gommage ou Enveloppement + Espace SPA privatif 1h * Soin des mains \u00e0 la paraffine + Striplac * Massage 45 minutes + Rituel de bienvenue Balinais * Soin Visage F\u00e9\u00e9rique + Soin flash &hellip;<\/p>\n<p class=\"read-more\"> <a class=\"\" href=\"https:\/\/www.secretsdefee.com\/index.php\/produit\/coffret-clochette\/\"> <span class=\"screen-reader-text\">Coffret Clochette<\/span> Lire la suite\u00a0\u00bb<\/a><\/p>\n","protected":false},"featured_media":1268,"comment_status":"open","ping_status":"closed","template":"","meta":{"site-sidebar-layout":"default","site-content-layout":"default","ast-main-header-display":"","ast-hfb-above-header-display":"","ast-hfb-below-header-display":"","ast-hfb-mobile-header-display":"","site-post-title":"","ast-breadcrumbs-content":"","ast-featured-img":"","footer-sml-layout":"","theme-transparent-header-meta":"default","adv-header-id-meta":"","stick-header-meta":"","header-above-stick-meta":"","header-main-stick-meta":"","header-below-stick-meta":""},"product_cat":[72],"product_tag":[],"class_list":{"0":"post-1031","1":"product","2":"type-product","3":"status-publish","4":"has-post-thumbnail","6":"product_cat-bon-dachat","8":"first","9":"instock","10":"featured","11":"downloadable","12":"virtual","13":"purchasable","14":"product-type-simple"},"yoast_head":"<!-- This site is optimized with the Yoast SEO plugin v21.9.1 - https:\/\/yoast.com\/wordpress\/plugins\/seo\/ -->\n<title>Coffret Clochette - Secrets de f\u00e9e<\/title>\n<meta name=\"description\" content=\"Faites plaisir \u00e0 vos proches en offrant un coffret cadeau comprenant plusieurs services au choix.\" \/>\n<meta name=\"robots\" content=\"index, follow, max-snippet:-1, max-image-preview:large, max-video-preview:-1\" \/>\n<link rel=\"canonical\" href=\"https:\/\/www.secretsdefee.com\/index.php\/produit\/coffret-clochette\/\" \/>\n<meta property=\"og:locale\" content=\"fr_FR\" \/>\n<meta property=\"og:type\" content=\"article\" \/>\n<meta property=\"og:title\" content=\"Coffret Clochette - Secrets de f\u00e9e\" \/>\n<meta property=\"og:description\" content=\"Faites plaisir \u00e0 vos proches en offrant un coffret cadeau comprenant plusieurs services au choix.\" \/>\n<meta property=\"og:url\" content=\"https:\/\/www.secretsdefee.com\/index.php\/produit\/coffret-clochette\/\" \/>\n<meta property=\"og:site_name\" content=\"Secrets de f\u00e9e\" \/>\n<meta property=\"article:publisher\" content=\"https:\/\/www.facebook.com\/Secrets-de-F%c3%a9e-657888267687242\/?fref=ts\" \/>\n<meta property=\"article:modified_time\" content=\"2023-06-09T11:30:57+00:00\" \/>\n<meta property=\"og:image\" content=\"https:\/\/www.secretsdefee.com\/wp-content\/uploads\/2021\/11\/Coffret-cadeaux-clochette.png\" \/>\n\t<meta property=\"og:image:width\" content=\"595\" \/>\n\t<meta property=\"og:image:height\" content=\"283\" \/>\n\t<meta property=\"og:image:type\" content=\"image\/png\" \/>\n<meta name=\"twitter:card\" content=\"summary_large_image\" \/>\n<meta name=\"twitter:label1\" content=\"Dur\u00e9e de lecture estim\u00e9e\" \/>\n\t<meta name=\"twitter:data1\" content=\"1 minute\" \/>\n<script type=\"application\/ld+json\" class=\"yoast-schema-graph\">{\"@context\":\"https:\/\/schema.org\",\"@graph\":[{\"@type\":\"WebPage\",\"@id\":\"https:\/\/www.secretsdefee.com\/index.php\/produit\/coffret-clochette\/\",\"url\":\"https:\/\/www.secretsdefee.com\/index.php\/produit\/coffret-clochette\/\",\"name\":\"Coffret Clochette - Secrets de f\u00e9e\",\"isPartOf\":{\"@id\":\"https:\/\/www.secretsdefee.com\/#website\"},\"datePublished\":\"2021-11-28T18:41:34+00:00\",\"dateModified\":\"2023-06-09T11:30:57+00:00\",\"description\":\"Faites plaisir \u00e0 vos proches en offrant un coffret cadeau comprenant plusieurs services au choix.\",\"breadcrumb\":{\"@id\":\"https:\/\/www.secretsdefee.com\/index.php\/produit\/coffret-clochette\/#breadcrumb\"},\"inLanguage\":\"fr-FR\",\"potentialAction\":[{\"@type\":\"ReadAction\",\"target\":[\"https:\/\/www.secretsdefee.com\/index.php\/produit\/coffret-clochette\/\"]}]},{\"@type\":\"BreadcrumbList\",\"@id\":\"https:\/\/www.secretsdefee.com\/index.php\/produit\/coffret-clochette\/#breadcrumb\",\"itemListElement\":[{\"@type\":\"ListItem\",\"position\":1,\"name\":\"Accueil\",\"item\":\"https:\/\/www.secretsdefee.com\/\"},{\"@type\":\"ListItem\",\"position\":2,\"name\":\"Boutique\",\"item\":\"https:\/\/www.secretsdefee.com\/index.php\/shop\/\"},{\"@type\":\"ListItem\",\"position\":3,\"name\":\"Coffret Clochette\"}]},{\"@type\":\"WebSite\",\"@id\":\"https:\/\/www.secretsdefee.com\/#website\",\"url\":\"https:\/\/www.secretsdefee.com\/\",\"name\":\"Secrets de f\u00e9e\",\"description\":\"Institut de beaut\u00e9\",\"publisher\":{\"@id\":\"https:\/\/www.secretsdefee.com\/#organization\"},\"potentialAction\":[{\"@type\":\"SearchAction\",\"target\":{\"@type\":\"EntryPoint\",\"urlTemplate\":\"https:\/\/www.secretsdefee.com\/?s={search_term_string}\"},\"query-input\":\"required name=search_term_string\"}],\"inLanguage\":\"fr-FR\"},{\"@type\":\"Organization\",\"@id\":\"https:\/\/www.secretsdefee.com\/#organization\",\"name\":\"Secrets de f\u00e9e\",\"url\":\"https:\/\/www.secretsdefee.com\/\",\"logo\":{\"@type\":\"ImageObject\",\"inLanguage\":\"fr-FR\",\"@id\":\"https:\/\/www.secretsdefee.com\/#\/schema\/logo\/image\/\",\"url\":\"https:\/\/www.secretsdefee.com\/wp-content\/uploads\/2021\/11\/SECRETS-2-Color.jpg\",\"contentUrl\":\"https:\/\/www.secretsdefee.com\/wp-content\/uploads\/2021\/11\/SECRETS-2-Color.jpg\",\"width\":1535,\"height\":1535,\"caption\":\"Secrets de f\u00e9e\"},\"image\":{\"@id\":\"https:\/\/www.secretsdefee.com\/#\/schema\/logo\/image\/\"},\"sameAs\":[\"https:\/\/www.facebook.com\/Secrets-de-F\u00e9e-657888267687242\/?fref=ts\"]}]}<\/script>\n<!-- \/ Yoast SEO plugin. -->","yoast_head_json":{"title":"Coffret Clochette - Secrets de f\u00e9e","description":"Faites plaisir \u00e0 vos proches en offrant un coffret cadeau comprenant plusieurs services au choix.","robots":{"index":"index","follow":"follow","max-snippet":"max-snippet:-1","max-image-preview":"max-image-preview:large","max-video-preview":"max-video-preview:-1"},"canonical":"https:\/\/www.secretsdefee.com\/index.php\/produit\/coffret-clochette\/","og_locale":"fr_FR","og_type":"article","og_title":"Coffret Clochette - Secrets de f\u00e9e","og_description":"Faites plaisir \u00e0 vos proches en offrant un coffret cadeau comprenant plusieurs services au choix.","og_url":"https:\/\/www.secretsdefee.com\/index.php\/produit\/coffret-clochette\/","og_site_name":"Secrets de f\u00e9e","article_publisher":"https:\/\/www.facebook.com\/Secrets-de-F%c3%a9e-657888267687242\/?fref=ts","article_modified_time":"2023-06-09T11:30:57+00:00","og_image":[{"width":595,"height":283,"url":"https:\/\/www.secretsdefee.com\/wp-content\/uploads\/2021\/11\/Coffret-cadeaux-clochette.png","type":"image\/png"}],"twitter_card":"summary_large_image","twitter_misc":{"Dur\u00e9e de lecture estim\u00e9e":"1 minute"},"schema":{"@context":"https:\/\/schema.org","@graph":[{"@type":"WebPage","@id":"https:\/\/www.secretsdefee.com\/index.php\/produit\/coffret-clochette\/","url":"https:\/\/www.secretsdefee.com\/index.php\/produit\/coffret-clochette\/","name":"Coffret Clochette - Secrets de f\u00e9e","isPartOf":{"@id":"https:\/\/www.secretsdefee.com\/#website"},"datePublished":"2021-11-28T18:41:34+00:00","dateModified":"2023-06-09T11:30:57+00:00","description":"Faites plaisir \u00e0 vos proches en offrant un coffret cadeau comprenant plusieurs services au choix.","breadcrumb":{"@id":"https:\/\/www.secretsdefee.com\/index.php\/produit\/coffret-clochette\/#breadcrumb"},"inLanguage":"fr-FR","potentialAction":[{"@type":"ReadAction","target":["https:\/\/www.secretsdefee.com\/index.php\/produit\/coffret-clochette\/"]}]},{"@type":"BreadcrumbList","@id":"https:\/\/www.secretsdefee.com\/index.php\/produit\/coffret-clochette\/#breadcrumb","itemListElement":[{"@type":"ListItem","position":1,"name":"Accueil","item":"https:\/\/www.secretsdefee.com\/"},{"@type":"ListItem","position":2,"name":"Boutique","item":"https:\/\/www.secretsdefee.com\/index.php\/shop\/"},{"@type":"ListItem","position":3,"name":"Coffret Clochette"}]},{"@type":"WebSite","@id":"https:\/\/www.secretsdefee.com\/#website","url":"https:\/\/www.secretsdefee.com\/","name":"Secrets de f\u00e9e","description":"Institut de beaut\u00e9","publisher":{"@id":"https:\/\/www.secretsdefee.com\/#organization"},"potentialAction":[{"@type":"SearchAction","target":{"@type":"EntryPoint","urlTemplate":"https:\/\/www.secretsdefee.com\/?s={search_term_string}"},"query-input":"required name=search_term_string"}],"inLanguage":"fr-FR"},{"@type":"Organization","@id":"https:\/\/www.secretsdefee.com\/#organization","name":"Secrets de f\u00e9e","url":"https:\/\/www.secretsdefee.com\/","logo":{"@type":"ImageObject","inLanguage":"fr-FR","@id":"https:\/\/www.secretsdefee.com\/#\/schema\/logo\/image\/","url":"https:\/\/www.secretsdefee.com\/wp-content\/uploads\/2021\/11\/SECRETS-2-Color.jpg","contentUrl":"https:\/\/www.secretsdefee.com\/wp-content\/uploads\/2021\/11\/SECRETS-2-Color.jpg","width":1535,"height":1535,"caption":"Secrets de f\u00e9e"},"image":{"@id":"https:\/\/www.secretsdefee.com\/#\/schema\/logo\/image\/"},"sameAs":["https:\/\/www.facebook.com\/Secrets-de-F\u00e9e-657888267687242\/?fref=ts"]}]}},"_links":{"self":[{"href":"https:\/\/www.secretsdefee.com\/index.php\/wp-json\/wp\/v2\/product\/1031","targetHints":{"allow":["GET"]}}],"collection":[{"href":"https:\/\/www.secretsdefee.com\/index.php\/wp-json\/wp\/v2\/product"}],"about":[{"href":"https:\/\/www.secretsdefee.com\/index.php\/wp-json\/wp\/v2\/types\/product"}],"replies":[{"embeddable":true,"href":"https:\/\/www.secretsdefee.com\/index.php\/wp-json\/wp\/v2\/comments?post=1031"}],"wp:featuredmedia":[{"embeddable":true,"href":"https:\/\/www.secretsdefee.com\/index.php\/wp-json\/wp\/v2\/media\/1268"}],"wp:attachment":[{"href":"https:\/\/www.secretsdefee.com\/index.php\/wp-json\/wp\/v2\/media?parent=1031"}],"wp:term":[{"taxonomy":"product_cat","embeddable":true,"href":"https:\/\/www.secretsdefee.com\/index.php\/wp-json\/wp\/v2\/product_cat?post=1031"},{"taxonomy":"product_tag","embeddable":true,"href":"https:\/\/www.secretsdefee.com\/index.php\/wp-json\/wp\/v2\/product_tag?post=1031"}],"curies":[{"name":"wp","href":"https:\/\/api.w.org\/{rel}","templated":true}]}}